{"id":1368,"date":"2023-05-12T23:28:55","date_gmt":"2023-05-12T23:28:55","guid":{"rendered":"https:\/\/edmaspa.cl\/?post_type=product&#038;p=1368"},"modified":"2024-10-08T11:07:59","modified_gmt":"2024-10-08T11:07:59","slug":"85w-140-gear-oil-api-gl-4-gl-5-vavoline","status":"publish","type":"product","link":"https:\/\/edmaspa.cl\/index.php\/producto\/85w-140-gear-oil-api-gl-4-gl-5-vavoline\/","title":{"rendered":"85W-140 GEAR OIL API GL-4 GL-5 VAVOLINE 1LT"},"content":{"rendered":"<p>85W-140 GEAR OIL API GL-4 GL-5 VAVOLINE 1LT<\/p>\n<p>Valvoline HP Gear Oil 85w140 un lubricantes base azufre-f\u00f3sforo, extrema presi\u00f3n, para engranajes. Formulados con aceites base calidad premium para reunir las demandas de alto desempe\u00f1o. El lubricante HP Gear Oil 85w140 Valvoline esta dise\u00f1ado para proveer excelente capacidad de transporte de carga, anti-espuma, demulsibilidad (separaci\u00f3n del agua) y protecci\u00f3n anticorrosiva.<\/p>\n","protected":false},"excerpt":{"rendered":"<p>85W-140 GEAR OIL API GL-4 GL-5 VAVOLINE 1LT Valvoline HP Gear Oil 85w140 un lubricantes base azufre-f\u00f3sforo, extrema presi\u00f3n, para engranajes. Formulados con aceites base calidad premium para reunir las demandas de alto desempe\u00f1o. El lubricante HP Gear Oil 85w140 Valvoline esta dise\u00f1ado para proveer excelente capacidad de transporte de carga, anti-espuma, demulsibilidad (separaci\u00f3n del &hellip;<\/p>\n<p class=\"read-more\"> <a class=\"\" href=\"https:\/\/edmaspa.cl\/index.php\/producto\/85w-140-gear-oil-api-gl-4-gl-5-vavoline\/\"> <span class=\"screen-reader-text\">85W-140 GEAR OIL API GL-4 GL-5 VAVOLINE 1LT<\/span> Leer m\u00e1s &raquo;<\/a><\/p>\n","protected":false},"featured_media":2569,"template":"","meta":{"_uag_custom_page_level_css":"","site-sidebar-layout":"default","site-content-layout":"default","ast-global-header-display":"","ast-main-header-display":"","ast-hfb-above-header-display":"","ast-hfb-below-header-display":"","ast-hfb-mobile-header-display":"","site-post-title":"","ast-breadcrumbs-content":"","ast-featured-img":"","footer-sml-layout":"","theme-transparent-header-meta":"default","adv-header-id-meta":"","stick-header-meta":"","header-above-stick-meta":"","header-main-stick-meta":"","header-below-stick-meta":"","_joinchat":{"telephone":"+56931823019"}},"product_brand":[],"product_cat":[61],"product_tag":[63],"class_list":{"0":"post-1368","1":"product","2":"type-product","3":"status-publish","4":"has-post-thumbnail","6":"product_cat-aceites","7":"product_tag-man-filter","8":"desktop-align-left","9":"tablet-align-left","10":"mobile-align-left","12":"first","13":"instock","14":"taxable","15":"shipping-taxable","16":"purchasable","17":"product-type-simple"},"uagb_featured_image_src":{"full":["https:\/\/edmaspa.cl\/wp-content\/uploads\/2023\/05\/85w140.png",1080,1080,false],"thumbnail":["https:\/\/edmaspa.cl\/wp-content\/uploads\/2023\/05\/85w140-150x150.png",150,150,true],"medium":["https:\/\/edmaspa.cl\/wp-content\/uploads\/2023\/05\/85w140-300x300.png",300,300,true],"medium_large":["https:\/\/edmaspa.cl\/wp-content\/uploads\/2023\/05\/85w140-768x768.png",768,768,true],"large":["https:\/\/edmaspa.cl\/wp-content\/uploads\/2023\/05\/85w140-1024x1024.png",1024,1024,true],"1536x1536":["https:\/\/edmaspa.cl\/wp-content\/uploads\/2023\/05\/85w140.png",1080,1080,false],"2048x2048":["https:\/\/edmaspa.cl\/wp-content\/uploads\/2023\/05\/85w140.png",1080,1080,false],"woocommerce_thumbnail":["https:\/\/edmaspa.cl\/wp-content\/uploads\/2023\/05\/85w140-300x300.png",300,300,true],"woocommerce_single":["https:\/\/edmaspa.cl\/wp-content\/uploads\/2023\/05\/85w140-600x600.png",600,600,true],"woocommerce_gallery_thumbnail":["https:\/\/edmaspa.cl\/wp-content\/uploads\/2023\/05\/85w140-100x100.png",100,100,true]},"uagb_author_info":{"display_name":"admin","author_link":"https:\/\/edmaspa.cl\/index.php\/author\/"},"uagb_comment_info":0,"uagb_excerpt":"85W-140 GEAR OIL API GL-4 GL-5 VAVOLINE 1LT Valvoline HP Gear Oil 85w140 un lubricantes base azufre-f\u00f3sforo, extrema presi\u00f3n, para engranajes. Formulados con aceites base calidad premium para reunir las demandas de alto desempe\u00f1o. El lubricante HP Gear Oil 85w140 Valvoline esta dise\u00f1ado para proveer excelente capacidad de transporte de carga, anti-espuma, demulsibilidad (separaci\u00f3n del&hellip;","_links":{"self":[{"href":"https:\/\/edmaspa.cl\/index.php\/wp-json\/wp\/v2\/product\/1368","targetHints":{"allow":["GET"]}}],"collection":[{"href":"https:\/\/edmaspa.cl\/index.php\/wp-json\/wp\/v2\/product"}],"about":[{"href":"https:\/\/edmaspa.cl\/index.php\/wp-json\/wp\/v2\/types\/product"}],"wp:featuredmedia":[{"embeddable":true,"href":"https:\/\/edmaspa.cl\/index.php\/wp-json\/wp\/v2\/media\/2569"}],"wp:attachment":[{"href":"https:\/\/edmaspa.cl\/index.php\/wp-json\/wp\/v2\/media?parent=1368"}],"wp:term":[{"taxonomy":"product_brand","embeddable":true,"href":"https:\/\/edmaspa.cl\/index.php\/wp-json\/wp\/v2\/product_brand?post=1368"},{"taxonomy":"product_cat","embeddable":true,"href":"https:\/\/edmaspa.cl\/index.php\/wp-json\/wp\/v2\/product_cat?post=1368"},{"taxonomy":"product_tag","embeddable":true,"href":"https:\/\/edmaspa.cl\/index.php\/wp-json\/wp\/v2\/product_tag?post=1368"}],"curies":[{"name":"wp","href":"https:\/\/api.w.org\/{rel}","templated":true}]}}