{"id":2365,"date":"2023-09-06T14:36:47","date_gmt":"2023-09-06T14:36:47","guid":{"rendered":"https:\/\/edmaspa.cl\/?post_type=product&#038;p=2365"},"modified":"2024-10-08T11:43:20","modified_gmt":"2024-10-08T11:43:20","slug":"filtro-de-aceite-fl500s","status":"publish","type":"product","link":"https:\/\/edmaspa.cl\/index.php\/producto\/filtro-de-aceite-fl500s\/","title":{"rendered":"FILTRO DE ACEITE FL500S"},"content":{"rendered":"<p>Ayuda a proteger contra el desgaste del motor al eliminar abrasivos, como carbono, arena, polvo y pedazos de metal antes de que puedan entrar en su aceite,Las v\u00e1lvulas de alivio de presi\u00f3n ayudan a minimizar la posibilidad de que el aceite contaminado vuelva a circular en el motor,Las v\u00e1lvulas de alivio de presi\u00f3n tambi\u00e9n ayudan a mantener el suministro de aceite al motor en condiciones de fr\u00edo extremo o si el filtro se obstruye,Las cajas de acero se planchan para un ajuste preciso, estriado para facilitar la extracci\u00f3n y pintado para resistir el \u00f3xido,Los medios de filtro eficientes ofrecen una mayor capacidad de recolecci\u00f3n de suciedad y la capacidad de capturar m\u00e1s part\u00edculas que da\u00f1an el motor<\/p>\n","protected":false},"excerpt":{"rendered":"<p>Ayuda a proteger contra el desgaste del motor al eliminar abrasivos, como carbono, arena, polvo y pedazos de metal antes de que puedan entrar en su aceite,Las v\u00e1lvulas de alivio de presi\u00f3n ayudan a minimizar la posibilidad de que el aceite contaminado vuelva a circular en el motor,Las v\u00e1lvulas de alivio de presi\u00f3n tambi\u00e9n ayudan &hellip;<\/p>\n<p class=\"read-more\"> <a class=\"\" href=\"https:\/\/edmaspa.cl\/index.php\/producto\/filtro-de-aceite-fl500s\/\"> <span class=\"screen-reader-text\">FILTRO DE ACEITE FL500S<\/span> Leer m\u00e1s &raquo;<\/a><\/p>\n","protected":false},"featured_media":2587,"template":"","meta":{"_uag_custom_page_level_css":"","site-sidebar-layout":"default","site-content-layout":"default","ast-global-header-display":"","ast-main-header-display":"","ast-hfb-above-header-display":"","ast-hfb-below-header-display":"","ast-hfb-mobile-header-display":"","site-post-title":"","ast-breadcrumbs-content":"","ast-featured-img":"","footer-sml-layout":"","theme-transparent-header-meta":"default","adv-header-id-meta":"","stick-header-meta":"","header-above-stick-meta":"","header-main-stick-meta":"","header-below-stick-meta":"","_joinchat":{"telephone":"+56931823019"}},"product_brand":[],"product_cat":[21],"product_tag":[],"class_list":{"0":"post-2365","1":"product","2":"type-product","3":"status-publish","4":"has-post-thumbnail","6":"product_cat-filtro-de-aceite","7":"desktop-align-left","8":"tablet-align-left","9":"mobile-align-left","11":"first","12":"instock","13":"taxable","14":"shipping-taxable","15":"purchasable","16":"product-type-simple"},"uagb_featured_image_src":{"full":["https:\/\/edmaspa.cl\/wp-content\/uploads\/2023\/09\/fl500s.png",1080,1080,false],"thumbnail":["https:\/\/edmaspa.cl\/wp-content\/uploads\/2023\/09\/fl500s-150x150.png",150,150,true],"medium":["https:\/\/edmaspa.cl\/wp-content\/uploads\/2023\/09\/fl500s-300x300.png",300,300,true],"medium_large":["https:\/\/edmaspa.cl\/wp-content\/uploads\/2023\/09\/fl500s-768x768.png",768,768,true],"large":["https:\/\/edmaspa.cl\/wp-content\/uploads\/2023\/09\/fl500s-1024x1024.png",1024,1024,true],"1536x1536":["https:\/\/edmaspa.cl\/wp-content\/uploads\/2023\/09\/fl500s.png",1080,1080,false],"2048x2048":["https:\/\/edmaspa.cl\/wp-content\/uploads\/2023\/09\/fl500s.png",1080,1080,false],"woocommerce_thumbnail":["https:\/\/edmaspa.cl\/wp-content\/uploads\/2023\/09\/fl500s-300x300.png",300,300,true],"woocommerce_single":["https:\/\/edmaspa.cl\/wp-content\/uploads\/2023\/09\/fl500s-600x600.png",600,600,true],"woocommerce_gallery_thumbnail":["https:\/\/edmaspa.cl\/wp-content\/uploads\/2023\/09\/fl500s-100x100.png",100,100,true]},"uagb_author_info":{"display_name":"admin","author_link":"https:\/\/edmaspa.cl\/index.php\/author\/"},"uagb_comment_info":0,"uagb_excerpt":"Ayuda a proteger contra el desgaste del motor al eliminar abrasivos, como carbono, arena, polvo y pedazos de metal antes de que puedan entrar en su aceite,Las v\u00e1lvulas de alivio de presi\u00f3n ayudan a minimizar la posibilidad de que el aceite contaminado vuelva a circular en el motor,Las v\u00e1lvulas de alivio de presi\u00f3n tambi\u00e9n ayudan&hellip;","_links":{"self":[{"href":"https:\/\/edmaspa.cl\/index.php\/wp-json\/wp\/v2\/product\/2365","targetHints":{"allow":["GET"]}}],"collection":[{"href":"https:\/\/edmaspa.cl\/index.php\/wp-json\/wp\/v2\/product"}],"about":[{"href":"https:\/\/edmaspa.cl\/index.php\/wp-json\/wp\/v2\/types\/product"}],"wp:featuredmedia":[{"embeddable":true,"href":"https:\/\/edmaspa.cl\/index.php\/wp-json\/wp\/v2\/media\/2587"}],"wp:attachment":[{"href":"https:\/\/edmaspa.cl\/index.php\/wp-json\/wp\/v2\/media?parent=2365"}],"wp:term":[{"taxonomy":"product_brand","embeddable":true,"href":"https:\/\/edmaspa.cl\/index.php\/wp-json\/wp\/v2\/product_brand?post=2365"},{"taxonomy":"product_cat","embeddable":true,"href":"https:\/\/edmaspa.cl\/index.php\/wp-json\/wp\/v2\/product_cat?post=2365"},{"taxonomy":"product_tag","embeddable":true,"href":"https:\/\/edmaspa.cl\/index.php\/wp-json\/wp\/v2\/product_tag?post=2365"}],"curies":[{"name":"wp","href":"https:\/\/api.w.org\/{rel}","templated":true}]}}