{"id":2371,"date":"2023-09-13T18:54:22","date_gmt":"2023-09-13T18:54:22","guid":{"rendered":"https:\/\/edmaspa.cl\/?post_type=product&#038;p=2371"},"modified":"2023-09-20T19:49:59","modified_gmt":"2023-09-20T19:49:59","slug":"neumatico-bfgoodrich-265-60-r18-all-terrain-t-a-ko2-lre-rbl","status":"publish","type":"product","link":"https:\/\/edmaspa.cl\/index.php\/producto\/neumatico-bfgoodrich-265-60-r18-all-terrain-t-a-ko2-lre-rbl\/","title":{"rendered":"Neum\u00e1tico Bfgoodrich 265\/60 R18 ALL-TERRAIN T\/A KO2 LRE RBL"},"content":{"rendered":"<p>Neum\u00e1ticos off road.<\/p>\n<p>Alto nivel de rendimiento para la categor\u00eda de uso mixto.<\/p>\n<p>CARACTER\u00cdSTICAS<\/p>\n<p>&#8211; ROBUSTEZ INSUPERABLE<\/p>\n<p>Goma m\u00e1s resistente a cortes y agresiones, concentrada en el flanco de la llanta y con un dise\u00f1o exclusivo para eliminar y expulsar objetos, entregando un 20% m\u00e1s de robustez.<\/p>\n<p>&#8211; DURABILIDAD EXCEPCIONAL<\/p>\n<p>Goma especial para uso off- road; escultura que distribuye mejor los esfuerzos de la banda de rodaje y expulsores de piedras, proporcionan 100% m\u00e1s durabilidad en uso off-road y 15% m\u00e1s durabilidad en uso on-road.<\/p>\n<p>&#8211; TRACCI\u00d3N INIGUALABLE<\/p>\n<p>Hombro con tacos de goma diferentes y alternados, barras expulsoras de barro y tacos en el lateral del neum\u00e1tico garantizan un 10% m\u00e1s de tracci\u00f3n sobre barro y suelos inconsistentes.<\/p>\n<p>&nbsp;<\/p>\n<div class=\"ast-oembed-container\" style=\"height: 100%;\"><iframe title=\"Las tecnolog\u00edas de la KO2 de BFG te sorprender\u00e1n.\" width=\"500\" height=\"281\" src=\"https:\/\/www.youtube.com\/embed\/3BcHzcwW9_A?feature=oembed\" frameborder=\"0\" allow=\"accelerometer; autoplay; clipboard-write; encrypted-media; gyroscope; picture-in-picture; web-share\" referrerpolicy=\"strict-origin-when-cross-origin\" allowfullscreen><\/iframe><\/div>\n<p>&nbsp;<\/p>\n<p>&#8211; Medida: 265\/60R18<\/p>\n<p>&#8211; Aro: 18<\/p>\n<p>&#8211; I. CARGA.: 118\/116<\/p>\n<p>&#8211; I. VEL.: S<\/p>\n<p>&#8211; Procedencia: U.S.A<\/p>\n","protected":false},"excerpt":{"rendered":"<p>Neum\u00e1ticos off road. Alto nivel de rendimiento para la categor\u00eda de uso mixto. CARACTER\u00cdSTICAS &#8211; ROBUSTEZ INSUPERABLE Goma m\u00e1s resistente a cortes y agresiones, concentrada en el flanco de la llanta y con un dise\u00f1o exclusivo para eliminar y expulsar objetos, entregando un 20% m\u00e1s de robustez. &#8211; DURABILIDAD EXCEPCIONAL Goma especial para uso off- &hellip;<\/p>\n<p class=\"read-more\"> <a class=\"\" href=\"https:\/\/edmaspa.cl\/index.php\/producto\/neumatico-bfgoodrich-265-60-r18-all-terrain-t-a-ko2-lre-rbl\/\"> <span class=\"screen-reader-text\">Neum\u00e1tico Bfgoodrich 265\/60 R18 ALL-TERRAIN T\/A KO2 LRE RBL<\/span> Leer m\u00e1s &raquo;<\/a><\/p>\n","protected":false},"featured_media":2372,"template":"","meta":{"_uag_custom_page_level_css":"","site-sidebar-layout":"default","site-content-layout":"default","ast-global-header-display":"","ast-main-header-display":"","ast-hfb-above-header-display":"","ast-hfb-below-header-display":"","ast-hfb-mobile-header-display":"","site-post-title":"","ast-breadcrumbs-content":"","ast-featured-img":"","footer-sml-layout":"","theme-transparent-header-meta":"default","adv-header-id-meta":"","stick-header-meta":"","header-above-stick-meta":"","header-main-stick-meta":"","header-below-stick-meta":"","_joinchat":[]},"product_brand":[],"product_cat":[15],"product_tag":[],"class_list":{"0":"post-2371","1":"product","2":"type-product","3":"status-publish","4":"has-post-thumbnail","6":"product_cat-sin-categorizar","7":"desktop-align-left","8":"tablet-align-left","9":"mobile-align-left","11":"first","12":"instock","13":"sale","14":"taxable","15":"shipping-taxable","16":"purchasable","17":"product-type-simple"},"uagb_featured_image_src":{"full":["https:\/\/edmaspa.cl\/wp-content\/uploads\/2023\/09\/open-uri20220104-2144-tz5u9z_29389cbd-1605-4200-84ac-3874fcdc974e_1024x1024@2x.jpg",618,618,false],"thumbnail":["https:\/\/edmaspa.cl\/wp-content\/uploads\/2023\/09\/open-uri20220104-2144-tz5u9z_29389cbd-1605-4200-84ac-3874fcdc974e_1024x1024@2x-150x150.jpg",150,150,true],"medium":["https:\/\/edmaspa.cl\/wp-content\/uploads\/2023\/09\/open-uri20220104-2144-tz5u9z_29389cbd-1605-4200-84ac-3874fcdc974e_1024x1024@2x-300x300.jpg",300,300,true],"medium_large":["https:\/\/edmaspa.cl\/wp-content\/uploads\/2023\/09\/open-uri20220104-2144-tz5u9z_29389cbd-1605-4200-84ac-3874fcdc974e_1024x1024@2x.jpg",618,618,false],"large":["https:\/\/edmaspa.cl\/wp-content\/uploads\/2023\/09\/open-uri20220104-2144-tz5u9z_29389cbd-1605-4200-84ac-3874fcdc974e_1024x1024@2x.jpg",618,618,false],"1536x1536":["https:\/\/edmaspa.cl\/wp-content\/uploads\/2023\/09\/open-uri20220104-2144-tz5u9z_29389cbd-1605-4200-84ac-3874fcdc974e_1024x1024@2x.jpg",618,618,false],"2048x2048":["https:\/\/edmaspa.cl\/wp-content\/uploads\/2023\/09\/open-uri20220104-2144-tz5u9z_29389cbd-1605-4200-84ac-3874fcdc974e_1024x1024@2x.jpg",618,618,false],"woocommerce_thumbnail":["https:\/\/edmaspa.cl\/wp-content\/uploads\/2023\/09\/open-uri20220104-2144-tz5u9z_29389cbd-1605-4200-84ac-3874fcdc974e_1024x1024@2x-300x300.jpg",300,300,true],"woocommerce_single":["https:\/\/edmaspa.cl\/wp-content\/uploads\/2023\/09\/open-uri20220104-2144-tz5u9z_29389cbd-1605-4200-84ac-3874fcdc974e_1024x1024@2x-600x600.jpg",600,600,true],"woocommerce_gallery_thumbnail":["https:\/\/edmaspa.cl\/wp-content\/uploads\/2023\/09\/open-uri20220104-2144-tz5u9z_29389cbd-1605-4200-84ac-3874fcdc974e_1024x1024@2x-100x100.jpg",100,100,true]},"uagb_author_info":{"display_name":"admin","author_link":"https:\/\/edmaspa.cl\/index.php\/author\/"},"uagb_comment_info":0,"uagb_excerpt":"Neum\u00e1ticos off road. Alto nivel de rendimiento para la categor\u00eda de uso mixto. CARACTER\u00cdSTICAS &#8211; ROBUSTEZ INSUPERABLE Goma m\u00e1s resistente a cortes y agresiones, concentrada en el flanco de la llanta y con un dise\u00f1o exclusivo para eliminar y expulsar objetos, entregando un 20% m\u00e1s de robustez. &#8211; DURABILIDAD EXCEPCIONAL Goma especial para uso off-&hellip;","_links":{"self":[{"href":"https:\/\/edmaspa.cl\/index.php\/wp-json\/wp\/v2\/product\/2371","targetHints":{"allow":["GET"]}}],"collection":[{"href":"https:\/\/edmaspa.cl\/index.php\/wp-json\/wp\/v2\/product"}],"about":[{"href":"https:\/\/edmaspa.cl\/index.php\/wp-json\/wp\/v2\/types\/product"}],"wp:featuredmedia":[{"embeddable":true,"href":"https:\/\/edmaspa.cl\/index.php\/wp-json\/wp\/v2\/media\/2372"}],"wp:attachment":[{"href":"https:\/\/edmaspa.cl\/index.php\/wp-json\/wp\/v2\/media?parent=2371"}],"wp:term":[{"taxonomy":"product_brand","embeddable":true,"href":"https:\/\/edmaspa.cl\/index.php\/wp-json\/wp\/v2\/product_brand?post=2371"},{"taxonomy":"product_cat","embeddable":true,"href":"https:\/\/edmaspa.cl\/index.php\/wp-json\/wp\/v2\/product_cat?post=2371"},{"taxonomy":"product_tag","embeddable":true,"href":"https:\/\/edmaspa.cl\/index.php\/wp-json\/wp\/v2\/product_tag?post=2371"}],"curies":[{"name":"wp","href":"https:\/\/api.w.org\/{rel}","templated":true}]}}