{"id":2393,"date":"2023-10-10T01:47:54","date_gmt":"2023-10-10T01:47:54","guid":{"rendered":"https:\/\/edmaspa.cl\/?post_type=product&#038;p=2393"},"modified":"2024-10-08T11:01:00","modified_gmt":"2024-10-08T11:01:00","slug":"aceite-caja-automatica-atf-mercon-ulv-ford-motorcraft-946-ml","status":"publish","type":"product","link":"https:\/\/edmaspa.cl\/index.php\/producto\/aceite-caja-automatica-atf-mercon-ulv-ford-motorcraft-946-ml\/","title":{"rendered":"Aceite Caja Autom\u00e1tica Atf Mercon Ulv Ford Motorcraft 946 Ml"},"content":{"rendered":"<p>Caracter\u00edsticas:<br \/>\n&#8211; Marca: Motorcraft<br \/>\n&#8211; Tipo: ATF (All Transfer Fluids)<br \/>\n&#8211; Volumen: 946 ml<br \/>\n&#8211; Origen: USA<br \/>\n&#8211; Categor\u00eda Servicio: Autom\u00f3vil<br \/>\n&#8211; Tipo contenedor: Bid\u00f3n<\/p>\n<p>Aplicabilidad:<br \/>\n&#8211; Expedition 3.5 E<br \/>\n&#8211; F150 3.5L EcoBoost<br \/>\n&#8211; F150 5.0L<br \/>\n&#8211; F150 Raptor 3.5L<br \/>\n&#8211; Mustang 5.0L AT<\/p>\n","protected":false},"excerpt":{"rendered":"<p>Caracter\u00edsticas: &#8211; Marca: Motorcraft &#8211; Tipo: ATF (All Transfer Fluids) &#8211; Volumen: 946 ml &#8211; Origen: USA &#8211; Categor\u00eda Servicio: Autom\u00f3vil &#8211; Tipo contenedor: Bid\u00f3n Aplicabilidad: &#8211; Expedition 3.5 E &#8211; F150 3.5L EcoBoost &#8211; F150 5.0L &#8211; F150 Raptor 3.5L &#8211; Mustang 5.0L AT<\/p>\n","protected":false},"featured_media":2577,"template":"","meta":{"_uag_custom_page_level_css":"","site-sidebar-layout":"default","site-content-layout":"default","ast-global-header-display":"","ast-main-header-display":"","ast-hfb-above-header-display":"","ast-hfb-below-header-display":"","ast-hfb-mobile-header-display":"","site-post-title":"","ast-breadcrumbs-content":"","ast-featured-img":"","footer-sml-layout":"","theme-transparent-header-meta":"default","adv-header-id-meta":"","stick-header-meta":"","header-above-stick-meta":"","header-main-stick-meta":"","header-below-stick-meta":"","_joinchat":[]},"product_brand":[],"product_cat":[15,61],"product_tag":[],"class_list":{"0":"post-2393","1":"product","2":"type-product","3":"status-publish","4":"has-post-thumbnail","6":"product_cat-sin-categorizar","7":"product_cat-aceites","8":"desktop-align-left","9":"tablet-align-left","10":"mobile-align-left","12":"first","13":"instock","14":"taxable","15":"shipping-taxable","16":"purchasable","17":"product-type-simple"},"uagb_featured_image_src":{"full":["https:\/\/edmaspa.cl\/wp-content\/uploads\/2023\/10\/ulv-2.png",1080,1080,false],"thumbnail":["https:\/\/edmaspa.cl\/wp-content\/uploads\/2023\/10\/ulv-2-150x150.png",150,150,true],"medium":["https:\/\/edmaspa.cl\/wp-content\/uploads\/2023\/10\/ulv-2-300x300.png",300,300,true],"medium_large":["https:\/\/edmaspa.cl\/wp-content\/uploads\/2023\/10\/ulv-2-768x768.png",768,768,true],"large":["https:\/\/edmaspa.cl\/wp-content\/uploads\/2023\/10\/ulv-2-1024x1024.png",1024,1024,true],"1536x1536":["https:\/\/edmaspa.cl\/wp-content\/uploads\/2023\/10\/ulv-2.png",1080,1080,false],"2048x2048":["https:\/\/edmaspa.cl\/wp-content\/uploads\/2023\/10\/ulv-2.png",1080,1080,false],"woocommerce_thumbnail":["https:\/\/edmaspa.cl\/wp-content\/uploads\/2023\/10\/ulv-2-300x300.png",300,300,true],"woocommerce_single":["https:\/\/edmaspa.cl\/wp-content\/uploads\/2023\/10\/ulv-2-600x600.png",600,600,true],"woocommerce_gallery_thumbnail":["https:\/\/edmaspa.cl\/wp-content\/uploads\/2023\/10\/ulv-2-100x100.png",100,100,true]},"uagb_author_info":{"display_name":"admin","author_link":"https:\/\/edmaspa.cl\/index.php\/author\/"},"uagb_comment_info":0,"uagb_excerpt":"Caracter\u00edsticas: &#8211; Marca: Motorcraft &#8211; Tipo: ATF (All Transfer Fluids) &#8211; Volumen: 946 ml &#8211; Origen: USA &#8211; Categor\u00eda Servicio: Autom\u00f3vil &#8211; Tipo contenedor: Bid\u00f3n Aplicabilidad: &#8211; Expedition 3.5 E &#8211; F150 3.5L EcoBoost &#8211; F150 5.0L &#8211; F150 Raptor 3.5L &#8211; Mustang 5.0L AT","_links":{"self":[{"href":"https:\/\/edmaspa.cl\/index.php\/wp-json\/wp\/v2\/product\/2393","targetHints":{"allow":["GET"]}}],"collection":[{"href":"https:\/\/edmaspa.cl\/index.php\/wp-json\/wp\/v2\/product"}],"about":[{"href":"https:\/\/edmaspa.cl\/index.php\/wp-json\/wp\/v2\/types\/product"}],"wp:featuredmedia":[{"embeddable":true,"href":"https:\/\/edmaspa.cl\/index.php\/wp-json\/wp\/v2\/media\/2577"}],"wp:attachment":[{"href":"https:\/\/edmaspa.cl\/index.php\/wp-json\/wp\/v2\/media?parent=2393"}],"wp:term":[{"taxonomy":"product_brand","embeddable":true,"href":"https:\/\/edmaspa.cl\/index.php\/wp-json\/wp\/v2\/product_brand?post=2393"},{"taxonomy":"product_cat","embeddable":true,"href":"https:\/\/edmaspa.cl\/index.php\/wp-json\/wp\/v2\/product_cat?post=2393"},{"taxonomy":"product_tag","embeddable":true,"href":"https:\/\/edmaspa.cl\/index.php\/wp-json\/wp\/v2\/product_tag?post=2393"}],"curies":[{"name":"wp","href":"https:\/\/api.w.org\/{rel}","templated":true}]}}