{"id":2395,"date":"2023-10-10T02:13:18","date_gmt":"2023-10-10T02:13:18","guid":{"rendered":"https:\/\/edmaspa.cl\/?post_type=product&#038;p=2395"},"modified":"2024-10-18T11:55:38","modified_gmt":"2024-10-18T11:55:38","slug":"filtro-de-caja-bl3z-7a098-6r80-f150","status":"publish","type":"product","link":"https:\/\/edmaspa.cl\/index.php\/producto\/filtro-de-caja-bl3z-7a098-6r80-f150\/","title":{"rendered":"FILTRO DE CAJA BL3Z-7A098 6R80 F150"},"content":{"rendered":"<p>filtro de transmisi\u00f3n autom\u00e1tica 6r80<\/p>\n<div class=\"flex-shrink-0 flex flex-col relative items-end\">\n<div>\n<div class=\"pt-0\">\n<div class=\"gizmo-bot-avatar flex h-8 w-8 items-center justify-center overflow-hidden rounded-full\">\n<div class=\"relative p-1 rounded-sm flex items-center justify-center bg-token-main-surface-primary text-token-text-primary h-8 w-8\"><\/div>\n<\/div>\n<\/div>\n<\/div>\n<\/div>\n<div class=\"group\/conversation-turn relative flex w-full min-w-0 flex-col agent-turn\">\n<div class=\"flex-col gap-1 md:gap-3\">\n<div class=\"flex max-w-full flex-col flex-grow\">\n<div class=\"min-h-8 text-message flex w-full flex-col items-end gap-2 whitespace-normal break-words [.text-message+&amp;]:mt-5\" dir=\"auto\" data-message-author-role=\"assistant\" data-message-id=\"1fcc68cb-3b34-4285-adb1-91890b37e0f0\" data-message-model-slug=\"gpt-4o-mini\">\n<div class=\"flex w-full flex-col gap-1 empty:hidden first:pt-[3px]\">\n<div class=\"markdown prose w-full break-words dark:prose-invert light\">\n<p>El filtro de transmisi\u00f3n autom\u00e1tica 6R80 es un componente crucial para el correcto funcionamiento de la transmisi\u00f3n en veh\u00edculos equipados con este sistema. Dise\u00f1ado para filtrar impurezas y part\u00edculas del fluido de transmisi\u00f3n, este filtro ayuda a mantener la lubricaci\u00f3n adecuada y a prevenir el desgaste prematuro de los componentes internos. Su construcci\u00f3n robusta asegura una alta capacidad de filtrado y resistencia a condiciones extremas. Reemplazar el filtro de transmisi\u00f3n peri\u00f3dicamente es esencial para garantizar un cambio de marchas suave y prolongar la vida \u00fatil de la transmisi\u00f3n, optimizando as\u00ed el rendimiento del veh\u00edculo.<\/p>\n<\/div>\n<\/div>\n<\/div>\n<\/div>\n<\/div>\n<\/div>\n","protected":false},"excerpt":{"rendered":"<p>filtro de transmisi\u00f3n autom\u00e1tica 6r80 El filtro de transmisi\u00f3n autom\u00e1tica 6R80 es un componente crucial para el correcto funcionamiento de la transmisi\u00f3n en veh\u00edculos equipados con este sistema. Dise\u00f1ado para filtrar impurezas y part\u00edculas del fluido de transmisi\u00f3n, este filtro ayuda a mantener la lubricaci\u00f3n adecuada y a prevenir el desgaste prematuro de los componentes &hellip;<\/p>\n<p class=\"read-more\"> <a class=\"\" href=\"https:\/\/edmaspa.cl\/index.php\/producto\/filtro-de-caja-bl3z-7a098-6r80-f150\/\"> <span class=\"screen-reader-text\">FILTRO DE CAJA BL3Z-7A098 6R80 F150<\/span> Leer m\u00e1s &raquo;<\/a><\/p>\n","protected":false},"featured_media":2624,"template":"","meta":{"_uag_custom_page_level_css":"","site-sidebar-layout":"default","site-content-layout":"default","ast-global-header-display":"","ast-main-header-display":"","ast-hfb-above-header-display":"","ast-hfb-below-header-display":"","ast-hfb-mobile-header-display":"","site-post-title":"","ast-breadcrumbs-content":"","ast-featured-img":"","footer-sml-layout":"","theme-transparent-header-meta":"default","adv-header-id-meta":"","stick-header-meta":"","header-above-stick-meta":"","header-main-stick-meta":"","header-below-stick-meta":"","_joinchat":{"telephone":"+56931823019"}},"product_brand":[],"product_cat":[21],"product_tag":[],"class_list":{"0":"post-2395","1":"product","2":"type-product","3":"status-publish","4":"has-post-thumbnail","6":"product_cat-filtro-de-aceite","7":"desktop-align-left","8":"tablet-align-left","9":"mobile-align-left","11":"first","12":"instock","13":"taxable","14":"shipping-taxable","15":"purchasable","16":"product-type-simple"},"uagb_featured_image_src":{"full":["https:\/\/edmaspa.cl\/wp-content\/uploads\/2023\/10\/CAJA-2.png",1080,1080,false],"thumbnail":["https:\/\/edmaspa.cl\/wp-content\/uploads\/2023\/10\/CAJA-2-150x150.png",150,150,true],"medium":["https:\/\/edmaspa.cl\/wp-content\/uploads\/2023\/10\/CAJA-2-300x300.png",300,300,true],"medium_large":["https:\/\/edmaspa.cl\/wp-content\/uploads\/2023\/10\/CAJA-2-768x768.png",768,768,true],"large":["https:\/\/edmaspa.cl\/wp-content\/uploads\/2023\/10\/CAJA-2-1024x1024.png",1024,1024,true],"1536x1536":["https:\/\/edmaspa.cl\/wp-content\/uploads\/2023\/10\/CAJA-2.png",1080,1080,false],"2048x2048":["https:\/\/edmaspa.cl\/wp-content\/uploads\/2023\/10\/CAJA-2.png",1080,1080,false],"woocommerce_thumbnail":["https:\/\/edmaspa.cl\/wp-content\/uploads\/2023\/10\/CAJA-2-300x300.png",300,300,true],"woocommerce_single":["https:\/\/edmaspa.cl\/wp-content\/uploads\/2023\/10\/CAJA-2-600x600.png",600,600,true],"woocommerce_gallery_thumbnail":["https:\/\/edmaspa.cl\/wp-content\/uploads\/2023\/10\/CAJA-2-100x100.png",100,100,true]},"uagb_author_info":{"display_name":"admin","author_link":"https:\/\/edmaspa.cl\/index.php\/author\/"},"uagb_comment_info":0,"uagb_excerpt":"filtro de transmisi\u00f3n autom\u00e1tica 6r80 El filtro de transmisi\u00f3n autom\u00e1tica 6R80 es un componente crucial para el correcto funcionamiento de la transmisi\u00f3n en veh\u00edculos equipados con este sistema. Dise\u00f1ado para filtrar impurezas y part\u00edculas del fluido de transmisi\u00f3n, este filtro ayuda a mantener la lubricaci\u00f3n adecuada y a prevenir el desgaste prematuro de los componentes&hellip;","_links":{"self":[{"href":"https:\/\/edmaspa.cl\/index.php\/wp-json\/wp\/v2\/product\/2395","targetHints":{"allow":["GET"]}}],"collection":[{"href":"https:\/\/edmaspa.cl\/index.php\/wp-json\/wp\/v2\/product"}],"about":[{"href":"https:\/\/edmaspa.cl\/index.php\/wp-json\/wp\/v2\/types\/product"}],"wp:featuredmedia":[{"embeddable":true,"href":"https:\/\/edmaspa.cl\/index.php\/wp-json\/wp\/v2\/media\/2624"}],"wp:attachment":[{"href":"https:\/\/edmaspa.cl\/index.php\/wp-json\/wp\/v2\/media?parent=2395"}],"wp:term":[{"taxonomy":"product_brand","embeddable":true,"href":"https:\/\/edmaspa.cl\/index.php\/wp-json\/wp\/v2\/product_brand?post=2395"},{"taxonomy":"product_cat","embeddable":true,"href":"https:\/\/edmaspa.cl\/index.php\/wp-json\/wp\/v2\/product_cat?post=2395"},{"taxonomy":"product_tag","embeddable":true,"href":"https:\/\/edmaspa.cl\/index.php\/wp-json\/wp\/v2\/product_tag?post=2395"}],"curies":[{"name":"wp","href":"https:\/\/api.w.org\/{rel}","templated":true}]}}