{"id":2413,"date":"2023-10-10T15:53:15","date_gmt":"2023-10-10T15:53:15","guid":{"rendered":"https:\/\/edmaspa.cl\/?post_type=product&#038;p=2413"},"modified":"2023-10-10T15:57:10","modified_gmt":"2023-10-10T15:57:10","slug":"plumilla-bosch-26","status":"publish","type":"product","link":"https:\/\/edmaspa.cl\/index.php\/producto\/plumilla-bosch-26\/","title":{"rendered":"PLUMILLA BOSCH 26&#8243;"},"content":{"rendered":"<p>PLUMILLA LIMPIAPARABRISA DELANTERA BOSCH (1 UNIDAD)<\/p>\n<p>Los limpiaparabrisas Bosch estan dise\u00f1ados para obtener lo m\u00e1ximo en eficiencia y desempe\u00f1o para una limpieza perfecta de la totalidad del parabrisas.<\/p>\n<p>Caracter\u00edsticas:<br \/>\nPresi\u00f3n uniforme a lo largo de toda la hoja<br \/>\nGrafito tratado con borde de goma natural<br \/>\nAler\u00f3n aerodin\u00e1mico<\/p>\n<p>Beneficios:<br \/>\nParabrisas mas limpio y transparente<br \/>\nM\u00e1xima Limpieza<br \/>\nVisibilidad Optima<br \/>\nInstalaci\u00f3n R\u00e1pida<br \/>\nMenor Vibraci\u00f3n<br \/>\nLarga Vida \u00datil<\/p>\n","protected":false},"excerpt":{"rendered":"<p>PLUMILLA LIMPIAPARABRISA DELANTERA BOSCH (1 UNIDAD) Los limpiaparabrisas Bosch estan dise\u00f1ados para obtener lo m\u00e1ximo en eficiencia y desempe\u00f1o para una limpieza perfecta de la totalidad del parabrisas. Caracter\u00edsticas: Presi\u00f3n uniforme a lo largo de toda la hoja Grafito tratado con borde de goma natural Aler\u00f3n aerodin\u00e1mico Beneficios: Parabrisas mas limpio y transparente M\u00e1xima Limpieza &hellip;<\/p>\n<p class=\"read-more\"> <a class=\"\" href=\"https:\/\/edmaspa.cl\/index.php\/producto\/plumilla-bosch-26\/\"> <span class=\"screen-reader-text\">PLUMILLA BOSCH 26&#8243;<\/span> Leer m\u00e1s &raquo;<\/a><\/p>\n","protected":false},"featured_media":2414,"template":"","meta":{"_uag_custom_page_level_css":"","site-sidebar-layout":"default","site-content-layout":"default","ast-global-header-display":"","ast-main-header-display":"","ast-hfb-above-header-display":"","ast-hfb-below-header-display":"","ast-hfb-mobile-header-display":"","site-post-title":"","ast-breadcrumbs-content":"","ast-featured-img":"","footer-sml-layout":"","theme-transparent-header-meta":"default","adv-header-id-meta":"","stick-header-meta":"","header-above-stick-meta":"","header-main-stick-meta":"","header-below-stick-meta":"","_joinchat":[]},"product_brand":[],"product_cat":[15],"product_tag":[],"class_list":{"0":"post-2413","1":"product","2":"type-product","3":"status-publish","4":"has-post-thumbnail","6":"product_cat-sin-categorizar","7":"desktop-align-left","8":"tablet-align-left","9":"mobile-align-left","11":"first","12":"instock","13":"taxable","14":"shipping-taxable","15":"purchasable","16":"product-type-simple"},"uagb_featured_image_src":{"full":["https:\/\/edmaspa.cl\/wp-content\/uploads\/2023\/10\/D_NQ_NP_776277-MLC72121849571_102023-O.webp",500,370,false],"thumbnail":["https:\/\/edmaspa.cl\/wp-content\/uploads\/2023\/10\/D_NQ_NP_776277-MLC72121849571_102023-O-150x150.webp",150,150,true],"medium":["https:\/\/edmaspa.cl\/wp-content\/uploads\/2023\/10\/D_NQ_NP_776277-MLC72121849571_102023-O-300x222.webp",300,222,true],"medium_large":["https:\/\/edmaspa.cl\/wp-content\/uploads\/2023\/10\/D_NQ_NP_776277-MLC72121849571_102023-O.webp",500,370,false],"large":["https:\/\/edmaspa.cl\/wp-content\/uploads\/2023\/10\/D_NQ_NP_776277-MLC72121849571_102023-O.webp",500,370,false],"1536x1536":["https:\/\/edmaspa.cl\/wp-content\/uploads\/2023\/10\/D_NQ_NP_776277-MLC72121849571_102023-O.webp",500,370,false],"2048x2048":["https:\/\/edmaspa.cl\/wp-content\/uploads\/2023\/10\/D_NQ_NP_776277-MLC72121849571_102023-O.webp",500,370,false],"woocommerce_thumbnail":["https:\/\/edmaspa.cl\/wp-content\/uploads\/2023\/10\/D_NQ_NP_776277-MLC72121849571_102023-O-300x300.webp",300,300,true],"woocommerce_single":["https:\/\/edmaspa.cl\/wp-content\/uploads\/2023\/10\/D_NQ_NP_776277-MLC72121849571_102023-O.webp",500,370,false],"woocommerce_gallery_thumbnail":["https:\/\/edmaspa.cl\/wp-content\/uploads\/2023\/10\/D_NQ_NP_776277-MLC72121849571_102023-O-100x100.webp",100,100,true]},"uagb_author_info":{"display_name":"admin","author_link":"https:\/\/edmaspa.cl\/index.php\/author\/"},"uagb_comment_info":0,"uagb_excerpt":"PLUMILLA LIMPIAPARABRISA DELANTERA BOSCH (1 UNIDAD) Los limpiaparabrisas Bosch estan dise\u00f1ados para obtener lo m\u00e1ximo en eficiencia y desempe\u00f1o para una limpieza perfecta de la totalidad del parabrisas. Caracter\u00edsticas: Presi\u00f3n uniforme a lo largo de toda la hoja Grafito tratado con borde de goma natural Aler\u00f3n aerodin\u00e1mico Beneficios: Parabrisas mas limpio y transparente M\u00e1xima Limpieza&hellip;","_links":{"self":[{"href":"https:\/\/edmaspa.cl\/index.php\/wp-json\/wp\/v2\/product\/2413","targetHints":{"allow":["GET"]}}],"collection":[{"href":"https:\/\/edmaspa.cl\/index.php\/wp-json\/wp\/v2\/product"}],"about":[{"href":"https:\/\/edmaspa.cl\/index.php\/wp-json\/wp\/v2\/types\/product"}],"wp:featuredmedia":[{"embeddable":true,"href":"https:\/\/edmaspa.cl\/index.php\/wp-json\/wp\/v2\/media\/2414"}],"wp:attachment":[{"href":"https:\/\/edmaspa.cl\/index.php\/wp-json\/wp\/v2\/media?parent=2413"}],"wp:term":[{"taxonomy":"product_brand","embeddable":true,"href":"https:\/\/edmaspa.cl\/index.php\/wp-json\/wp\/v2\/product_brand?post=2413"},{"taxonomy":"product_cat","embeddable":true,"href":"https:\/\/edmaspa.cl\/index.php\/wp-json\/wp\/v2\/product_cat?post=2413"},{"taxonomy":"product_tag","embeddable":true,"href":"https:\/\/edmaspa.cl\/index.php\/wp-json\/wp\/v2\/product_tag?post=2413"}],"curies":[{"name":"wp","href":"https:\/\/api.w.org\/{rel}","templated":true}]}}